{"id":20,"date":"2026-03-02T11:42:43","date_gmt":"2026-03-02T11:42:43","guid":{"rendered":"https:\/\/berghol-samy.com\/?page_id=20"},"modified":"2026-03-04T19:17:27","modified_gmt":"2026-03-04T19:17:27","slug":"accueil","status":"publish","type":"page","link":"https:\/\/berghol-samy.com\/en\/","title":{"rendered":"Home"},"content":{"rendered":"<div data-elementor-type=\"wp-page\" data-elementor-id=\"20\" class=\"elementor elementor-20\">\n\t\t\t\t<div class=\"elementor-element elementor-element-d53420d e-flex e-con-boxed e-con e-parent\" data-id=\"d53420d\" data-element_type=\"container\" data-e-type=\"container\">\n\t\t\t\t\t<div class=\"e-con-inner\">\n\t\t\t\t<div class=\"elementor-element elementor-element-67e2fbe elementor-widget elementor-widget-heading\" data-id=\"67e2fbe\" data-element_type=\"widget\" data-e-type=\"widget\" data-widget_type=\"heading.default\">\n\t\t\t\t\t<h1 class=\"elementor-heading-title elementor-size-default\">Samy BERGHOL<\/h1>\t\t\t\t<\/div>\n\t\t\t\t\t<\/div>\n\t\t\t\t<\/div>\n\t\t<div class=\"elementor-element elementor-element-9210989 e-grid e-con-boxed e-con e-parent\" data-id=\"9210989\" data-element_type=\"container\" data-e-type=\"container\">\n\t\t\t\t\t<div class=\"e-con-inner\">\n\t\t\t\t<div class=\"elementor-element elementor-element-9c3cb50 elementor-widget elementor-widget-image\" data-id=\"9c3cb50\" data-element_type=\"widget\" data-e-type=\"widget\" data-widget_type=\"image.default\">\n\t\t\t\t\t\t\t\t\t\t\t\t\t\t\t<img decoding=\"async\" src=\"https:\/\/berghol-samy.com\/wp-content\/uploads\/elementor\/thumbs\/20220706_123851055_iOS-scaled-rk0i4jumhrov4gfmomjaheovelpk4g2qx5x1litdkw.jpg\" title=\"20220706_123851055_iOS\" alt=\"20220706_123851055_iOS\" loading=\"lazy\" \/>\t\t\t\t\t\t\t\t\t\t\t\t\t\t\t<\/div>\n\t\t\t\t<div class=\"elementor-element elementor-element-062b942 elementor-widget elementor-widget-image\" data-id=\"062b942\" data-element_type=\"widget\" data-e-type=\"widget\" data-widget_type=\"image.default\">\n\t\t\t\t\t\t\t\t\t\t\t\t\t\t\t<img decoding=\"async\" src=\"https:\/\/berghol-samy.com\/wp-content\/uploads\/elementor\/thumbs\/WhatsApp-Image-2026-03-04-at-14.15.51-rk0j6b1907dhgllc7y1tmvpedrmbarym4195jmu3nk.jpeg\" title=\"WhatsApp Image 2026-03-04 at 14.15.51\" alt=\"WhatsApp Image 2026-03-04 at 14.15.51\" loading=\"lazy\" \/>\t\t\t\t\t\t\t\t\t\t\t\t\t\t\t<\/div>\n\t\t\t\t<div class=\"elementor-element elementor-element-aea2f49 elementor-widget elementor-widget-image\" data-id=\"aea2f49\" data-element_type=\"widget\" data-e-type=\"widget\" data-widget_type=\"image.default\">\n\t\t\t\t\t\t\t\t\t\t\t\t\t\t\t<img decoding=\"async\" src=\"https:\/\/berghol-samy.com\/wp-content\/uploads\/elementor\/thumbs\/WhatsApp-Image-2026-03-04-at-14.10.47-rk0iw3icrzedd2f6u16p1yg643xsp4fkdi6awfz18g.jpeg\" title=\"WhatsApp Image 2026-03-04 at 14.10.47\" alt=\"WhatsApp Image 2026-03-04 at 14.10.47\" loading=\"lazy\" \/>\t\t\t\t\t\t\t\t\t\t\t\t\t\t\t<\/div>\n\t\t\t\t\t<\/div>\n\t\t\t\t<\/div>\n\t\t<div class=\"elementor-element elementor-element-7faf8f3 e-flex e-con-boxed e-con e-parent\" data-id=\"7faf8f3\" data-element_type=\"container\" data-e-type=\"container\">\n\t\t\t\t\t<div class=\"e-con-inner\">\n\t\t\t\t<div class=\"elementor-element elementor-element-6a9688b elementor-widget elementor-widget-text-editor\" data-id=\"6a9688b\" data-element_type=\"widget\" data-e-type=\"widget\" data-widget_type=\"text-editor.default\">\n\t\t\t\t\t\t\t\t\t<p><span style=\"font-weight: 400;\">I'm currently a third-year student at BUT Informatique, specializing in development. Passionate about computers and music creation, I'm particularly interested in designing audio tools and plugins.<\/span><\/p><p><span style=\"font-weight: 400;\">For several years now, I've been developing projects combining programming and sound signal processing. My aim is to gain an in-depth understanding of the technologies behind the audio software I use on a daily basis, and to contribute to the creation of innovative tools for musicians and producers.<\/span><\/p><p><span style=\"font-weight: 400;\">Eventually, I would like to work for companies specializing in audio technologies and plugin development, such as <\/span><b>Arturia, Waves or IK Multimedia<\/b><span style=\"font-weight: 400;\">, and participate in the design of tools that push back the boundaries of digital music creation.<\/span><\/p>\t\t\t\t\t\t\t\t<\/div>\n\t\t\t\t\t<\/div>\n\t\t\t\t<\/div>\n\t\t<div class=\"elementor-element elementor-element-b227b0e e-flex e-con-boxed e-con e-parent\" data-id=\"b227b0e\" data-element_type=\"container\" data-e-type=\"container\">\n\t\t\t\t\t<div class=\"e-con-inner\">\n\t\t\t\t<div class=\"elementor-element elementor-element-08e1fc6 elementor-align-center elementor-widget elementor-widget-button\" data-id=\"08e1fc6\" data-element_type=\"widget\" data-e-type=\"widget\" data-widget_type=\"button.default\">\n\t\t\t\t\t\t\t\t\t\t<a class=\"elementor-button elementor-button-link elementor-size-sm elementor-animation-pulse\" href=\"\/en\/a-propos\/\">\n\t\t\t\t\t\t<span class=\"elementor-button-content-wrapper\">\n\t\t\t\t\t\t\t\t\t<span class=\"elementor-button-text\">More about me<\/span>\n\t\t\t\t\t<\/span>\n\t\t\t\t\t<\/a>\n\t\t\t\t\t\t\t\t<\/div>\n\t\t\t\t\t<\/div>\n\t\t\t\t<\/div>\n\t\t<div class=\"elementor-element elementor-element-2e13e7b e-grid e-con-boxed e-con e-parent\" data-id=\"2e13e7b\" data-element_type=\"container\" data-e-type=\"container\" data-settings=\"{&quot;background_background&quot;:&quot;classic&quot;}\">\n\t\t\t\t\t<div class=\"e-con-inner\">\n\t\t\t\t<div class=\"elementor-element elementor-element-613b122 elementor-widget elementor-widget-heading\" data-id=\"613b122\" data-element_type=\"widget\" data-e-type=\"widget\" data-widget_type=\"heading.default\">\n\t\t\t\t\t<h3 class=\"elementor-heading-title elementor-size-default\">Development<\/h3>\t\t\t\t<\/div>\n\t\t\t\t<div class=\"elementor-element elementor-element-3e0ee33 elementor-widget elementor-widget-heading\" data-id=\"3e0ee33\" data-element_type=\"widget\" data-e-type=\"widget\" data-widget_type=\"heading.default\">\n\t\t\t\t\t<h3 class=\"elementor-heading-title elementor-size-default\">Audio &amp; Signal<\/h3>\t\t\t\t<\/div>\n\t\t\t\t<div class=\"elementor-element elementor-element-baf16db elementor-widget elementor-widget-heading\" data-id=\"baf16db\" data-element_type=\"widget\" data-e-type=\"widget\" data-widget_type=\"heading.default\">\n\t\t\t\t\t<h3 class=\"elementor-heading-title elementor-size-default\">Tools<\/h3>\t\t\t\t<\/div>\n\t\t\t\t<div class=\"elementor-element elementor-element-b2a0246 elementor-widget elementor-widget-text-editor\" data-id=\"b2a0246\" data-element_type=\"widget\" data-e-type=\"widget\" data-widget_type=\"text-editor.default\">\n\t\t\t\t\t\t\t\t\t<p>C \/ C++<br data-start=\"1332\" data-end=\"1335\" \/>Python<br data-start=\"1341\" data-end=\"1344\" \/>Java<br data-start=\"1348\" data-end=\"1351\" \/>SQL \/ PostGreSQL<br \/>CSS \/ HTML \/\u00a0<span style=\"font-size: 1rem;\">JavaScript<br \/>LUA<br \/><\/span><\/p>\t\t\t\t\t\t\t\t<\/div>\n\t\t\t\t<div class=\"elementor-element elementor-element-810057e elementor-widget elementor-widget-text-editor\" data-id=\"810057e\" data-element_type=\"widget\" data-e-type=\"widget\" data-widget_type=\"text-editor.default\">\n\t\t\t\t\t\t\t\t\t<p>FL Studio<br \/>JUCE<br data-start=\"1397\" data-end=\"1400\" \/>Audio plugins<br data-start=\"1413\" data-end=\"1416\" \/>Spectral analysis<br data-start=\"1433\" data-end=\"1436\" \/>Audio DSP<\/p>\t\t\t\t\t\t\t\t<\/div>\n\t\t\t\t<div class=\"elementor-element elementor-element-5982a13 elementor-widget elementor-widget-text-editor\" data-id=\"5982a13\" data-element_type=\"widget\" data-e-type=\"widget\" data-widget_type=\"text-editor.default\">\n\t\t\t\t\t\t\t\t\t<p>Git \/ GitHub \/ GitLab<br>Visual Studio Code<br data-start=\"1481\" data-end=\"1484\">Visual Studio<br data-start=\"1497\" data-end=\"1500\">Docker<br data-start=\"1506\" data-end=\"1509\">MongoDB<br data-start=\"1516\" data-end=\"1519\">PostgreSQL<br>Unity \/ Unreal<br><\/p>\t\t\t\t\t\t\t\t<\/div>\n\t\t\t\t\t<\/div>\n\t\t\t\t<\/div>\n\t\t<div class=\"elementor-element elementor-element-a6280cd e-grid e-con-boxed e-con e-parent\" data-id=\"a6280cd\" data-element_type=\"container\" data-e-type=\"container\">\n\t\t\t\t\t<div class=\"e-con-inner\">\n\t\t\t\t<div class=\"elementor-element elementor-element-6937b13 elementor-widget elementor-widget-heading\" data-id=\"6937b13\" data-element_type=\"widget\" data-e-type=\"widget\" data-widget_type=\"heading.default\">\n\t\t\t\t\t<h3 class=\"elementor-heading-title elementor-size-default\">Audio plugins<\/h3>\t\t\t\t<\/div>\n\t\t\t\t<div class=\"elementor-element elementor-element-2447ee3 elementor-widget elementor-widget-heading\" data-id=\"2447ee3\" data-element_type=\"widget\" data-e-type=\"widget\" data-widget_type=\"heading.default\">\n\t\t\t\t\t<h3 class=\"elementor-heading-title elementor-size-default\">University projects<\/h3>\t\t\t\t<\/div>\n\t\t\t\t\t<\/div>\n\t\t\t\t<\/div>\n\t\t<div class=\"elementor-element elementor-element-ae693a2 e-grid e-con-boxed e-con e-parent\" data-id=\"ae693a2\" data-element_type=\"container\" data-e-type=\"container\">\n\t\t\t\t\t<div class=\"e-con-inner\">\n\t\t\t\t<div class=\"elementor-element elementor-element-07d389e elementor-widget elementor-widget-text-editor\" data-id=\"07d389e\" data-element_type=\"widget\" data-e-type=\"widget\" data-widget_type=\"text-editor.default\">\n\t\t\t\t\t\t\t\t\t<p data-start=\"496\" data-end=\"747\">For several years now, I've been interested in developing audio tools and plugins.<br data-start=\"582\" data-end=\"585\" \/>To better understand the technologies used in music production, I started developing my own plugins in <strong data-start=\"716\" data-end=\"746\">C++ with the JUCE framework<\/strong>.<\/p><p data-start=\"749\" data-end=\"944\">These projects explore various issues related to <strong data-start=\"807\" data-end=\"837\">audio signal processing<\/strong>, such as spectral analysis, digital effects design and real-time signal manipulation.<\/p><p data-start=\"946\" data-end=\"1029\">They allow me to combine my two passions: <strong data-start=\"996\" data-end=\"1028\">music and computers<\/strong>.<\/p>\t\t\t\t\t\t\t\t<\/div>\n\t\t\t\t<div class=\"elementor-element elementor-element-6f30265 elementor-widget elementor-widget-text-editor\" data-id=\"6f30265\" data-element_type=\"widget\" data-e-type=\"widget\" data-widget_type=\"text-editor.default\">\n\t\t\t\t\t\t\t\t\t<p data-start=\"1205\" data-end=\"1423\">As part of my Computer Science degree, I carried out several academic projects covering different areas of computer science: software development, application design, programming and data management.<\/p><p data-start=\"1425\" data-end=\"1582\">These projects enabled me to develop my programming skills and work on concrete problems linked to software design.<\/p><p data-start=\"1584\" data-end=\"1659\">They reflect my learning and progress during my training.<\/p>\t\t\t\t\t\t\t\t<\/div>\n\t\t\t\t\t<\/div>\n\t\t\t\t<\/div>\n\t\t<div class=\"elementor-element elementor-element-dc6accb e-grid e-con-boxed e-con e-parent\" data-id=\"dc6accb\" data-element_type=\"container\" data-e-type=\"container\">\n\t\t\t\t\t<div class=\"e-con-inner\">\n\t\t\t\t<div class=\"elementor-element elementor-element-6ae42aa elementor-widget elementor-widget-image\" data-id=\"6ae42aa\" data-element_type=\"widget\" data-e-type=\"widget\" data-widget_type=\"image.default\">\n\t\t\t\t\t\t\t\t\t\t\t\t\t\t\t<img fetchpriority=\"high\" decoding=\"async\" width=\"1024\" height=\"576\" src=\"https:\/\/berghol-samy.com\/wp-content\/uploads\/2026\/03\/DN60Analyzer_1-1024x576.png\" class=\"attachment-large size-large wp-image-104\" alt=\"\" srcset=\"https:\/\/berghol-samy.com\/wp-content\/uploads\/2026\/03\/DN60Analyzer_1-1024x576.png 1024w, https:\/\/berghol-samy.com\/wp-content\/uploads\/2026\/03\/DN60Analyzer_1-300x169.png 300w, https:\/\/berghol-samy.com\/wp-content\/uploads\/2026\/03\/DN60Analyzer_1-768x432.png 768w, https:\/\/berghol-samy.com\/wp-content\/uploads\/2026\/03\/DN60Analyzer_1-1536x864.png 1536w, https:\/\/berghol-samy.com\/wp-content\/uploads\/2026\/03\/DN60Analyzer_1.png 1920w\" sizes=\"(max-width: 1024px) 100vw, 1024px\" \/>\t\t\t\t\t\t\t\t\t\t\t\t\t\t\t<\/div>\n\t\t\t\t<div class=\"elementor-element elementor-element-077b9e9 elementor-widget elementor-widget-image\" data-id=\"077b9e9\" data-element_type=\"widget\" data-e-type=\"widget\" data-widget_type=\"image.default\">\n\t\t\t\t\t\t\t\t\t\t\t\t\t\t\t<img decoding=\"async\" width=\"1024\" height=\"575\" src=\"https:\/\/berghol-samy.com\/wp-content\/uploads\/2026\/03\/menu-1024x575.webp\" class=\"attachment-large size-large wp-image-109\" alt=\"\" srcset=\"https:\/\/berghol-samy.com\/wp-content\/uploads\/2026\/03\/menu-1024x575.webp 1024w, https:\/\/berghol-samy.com\/wp-content\/uploads\/2026\/03\/menu-300x168.webp 300w, https:\/\/berghol-samy.com\/wp-content\/uploads\/2026\/03\/menu-768x431.webp 768w, https:\/\/berghol-samy.com\/wp-content\/uploads\/2026\/03\/menu-1536x862.webp 1536w, https:\/\/berghol-samy.com\/wp-content\/uploads\/2026\/03\/menu.webp 1917w\" sizes=\"(max-width: 1024px) 100vw, 1024px\" \/>\t\t\t\t\t\t\t\t\t\t\t\t\t\t\t<\/div>\n\t\t\t\t\t<\/div>\n\t\t\t\t<\/div>\n\t\t<div class=\"elementor-element elementor-element-2271557 e-flex e-con-boxed e-con e-parent\" data-id=\"2271557\" data-element_type=\"container\" data-e-type=\"container\">\n\t\t\t\t\t<div class=\"e-con-inner\">\n\t\t\t\t<div class=\"elementor-element elementor-element-b5469bf elementor-align-center elementor-widget elementor-widget-button\" data-id=\"b5469bf\" data-element_type=\"widget\" data-e-type=\"widget\" data-widget_type=\"button.default\">\n\t\t\t\t\t\t\t\t\t\t<a class=\"elementor-button elementor-button-link elementor-size-sm\" href=\"\/en\/projets\/\">\n\t\t\t\t\t\t<span class=\"elementor-button-content-wrapper\">\n\t\t\t\t\t\t\t\t\t<span class=\"elementor-button-text\">See my projects<\/span>\n\t\t\t\t\t<\/span>\n\t\t\t\t\t<\/a>\n\t\t\t\t\t\t\t\t<\/div>\n\t\t\t\t<div class=\"elementor-element elementor-element-3bbae06 elementor-widget elementor-widget-heading\" data-id=\"3bbae06\" data-element_type=\"widget\" data-e-type=\"widget\" data-widget_type=\"heading.default\">\n\t\t\t\t\t<h2 class=\"elementor-heading-title elementor-size-default\">Music &amp; sound creation<\/h2>\t\t\t\t<\/div>\n\t\t\t\t<div class=\"elementor-element elementor-element-b3801ea elementor-widget elementor-widget-text-editor\" data-id=\"b3801ea\" data-element_type=\"widget\" data-e-type=\"widget\" data-widget_type=\"text-editor.default\">\n\t\t\t\t\t\t\t\t\t<p>An independent music producer for over six years, I compose, mix and master my own tracks.<\/p><p>This passion naturally led me to the development of audio tools and plugins for digital workstations.<\/p>\t\t\t\t\t\t\t\t<\/div>\n\t\t\t\t\t<\/div>\n\t\t\t\t<\/div>\n\t\t<div class=\"elementor-element elementor-element-603aa4c e-grid e-con-boxed e-con e-parent\" data-id=\"603aa4c\" data-element_type=\"container\" data-e-type=\"container\">\n\t\t\t\t\t<div class=\"e-con-inner\">\n\t\t\t\t<div class=\"elementor-element elementor-element-7d6e763 elementor-widget elementor-widget-image\" data-id=\"7d6e763\" data-element_type=\"widget\" data-e-type=\"widget\" data-widget_type=\"image.default\">\n\t\t\t\t\t\t\t\t\t\t\t\t\t\t\t<img decoding=\"async\" width=\"1024\" height=\"683\" src=\"https:\/\/berghol-samy.com\/wp-content\/uploads\/2026\/03\/thorstenf-mixer-4197733_1920-1024x683.jpg\" class=\"attachment-large size-large wp-image-87\" alt=\"\" srcset=\"https:\/\/berghol-samy.com\/wp-content\/uploads\/2026\/03\/thorstenf-mixer-4197733_1920-1024x683.jpg 1024w, https:\/\/berghol-samy.com\/wp-content\/uploads\/2026\/03\/thorstenf-mixer-4197733_1920-300x200.jpg 300w, https:\/\/berghol-samy.com\/wp-content\/uploads\/2026\/03\/thorstenf-mixer-4197733_1920-768x512.jpg 768w, https:\/\/berghol-samy.com\/wp-content\/uploads\/2026\/03\/thorstenf-mixer-4197733_1920-1536x1024.jpg 1536w, https:\/\/berghol-samy.com\/wp-content\/uploads\/2026\/03\/thorstenf-mixer-4197733_1920.jpg 1920w\" sizes=\"(max-width: 1024px) 100vw, 1024px\" \/>\t\t\t\t\t\t\t\t\t\t\t\t\t\t\t<\/div>\n\t\t\t\t<div class=\"elementor-element elementor-element-9d3aae5 elementor-widget elementor-widget-image\" data-id=\"9d3aae5\" data-element_type=\"widget\" data-e-type=\"widget\" data-widget_type=\"image.default\">\n\t\t\t\t\t\t\t\t\t\t\t\t\t\t\t<img loading=\"lazy\" decoding=\"async\" width=\"787\" height=\"525\" src=\"https:\/\/berghol-samy.com\/wp-content\/uploads\/2026\/03\/1215-casablanca-studio-hiba-5-1920xautox1.jpg\" class=\"attachment-large size-large wp-image-88\" alt=\"\" srcset=\"https:\/\/berghol-samy.com\/wp-content\/uploads\/2026\/03\/1215-casablanca-studio-hiba-5-1920xautox1.jpg 787w, https:\/\/berghol-samy.com\/wp-content\/uploads\/2026\/03\/1215-casablanca-studio-hiba-5-1920xautox1-300x200.jpg 300w, https:\/\/berghol-samy.com\/wp-content\/uploads\/2026\/03\/1215-casablanca-studio-hiba-5-1920xautox1-768x512.jpg 768w\" sizes=\"(max-width: 787px) 100vw, 787px\" \/>\t\t\t\t\t\t\t\t\t\t\t\t\t\t\t<\/div>\n\t\t\t\t<div class=\"elementor-element elementor-element-a8ebcf2 elementor-widget elementor-widget-image\" data-id=\"a8ebcf2\" data-element_type=\"widget\" data-e-type=\"widget\" data-widget_type=\"image.default\">\n\t\t\t\t\t\t\t\t\t\t\t\t\t\t\t<img decoding=\"async\" src=\"https:\/\/berghol-samy.com\/wp-content\/uploads\/elementor\/thumbs\/Audio-Animals-Studio-A-UAD-PCIE-Quad1-rk0lkyruogz4rtxgj4xert4pt0w9d4st2i0qjnlr2a.png\" title=\"Audio-Animals-Studio-A-UAD-PCIE-Quad1\" alt=\"Audio-Animals-Studio-A-UAD-PCIE-Quad1\" loading=\"lazy\" \/>\t\t\t\t\t\t\t\t\t\t\t\t\t\t\t<\/div>\n\t\t\t\t\t<\/div>\n\t\t\t\t<\/div>\n\t\t\t\t<\/div>","protected":false},"excerpt":{"rendered":"<p>Samy BERGHOL Je suis actuellement \u00e9tudiant en troisi\u00e8me ann\u00e9e de BUT Informatique, parcours d\u00e9veloppement. Passionn\u00e9 par l\u2019informatique et la cr\u00e9ation [&hellip;]<\/p>\n","protected":false},"author":1,"featured_media":0,"parent":0,"menu_order":0,"comment_status":"closed","ping_status":"closed","template":"","meta":{"site-sidebar-layout":"no-sidebar","site-content-layout":"","ast-site-content-layout":"full-width-container","site-content-style":"default","site-sidebar-style":"default","ast-global-header-display":"","ast-banner-title-visibility":"","ast-main-header-display":"","ast-hfb-above-header-display":"","ast-hfb-below-header-display":"","ast-hfb-mobile-header-display":"","site-post-title":"disabled","ast-breadcrumbs-content":"","ast-featured-img":"disabled","footer-sml-layout":"","ast-disable-related-posts":"","theme-transparent-header-meta":"","adv-header-id-meta":"","stick-header-meta":"","header-above-stick-meta":"","header-main-stick-meta":"","header-below-stick-meta":"","astra-migrate-meta-layouts":"default","ast-page-background-enabled":"default","ast-page-background-meta":{"desktop":{"background-color":"var(--ast-global-color-5)","background-image":"","background-repeat":"repeat","background-position":"center center","background-size":"auto","background-attachment":"scroll","background-type":"","background-media":"","overlay-type":"","overlay-color":"","overlay-opacity":"","overlay-gradient":""},"tablet":{"background-color":"","background-image":"","background-repeat":"repeat","background-position":"center center","background-size":"auto","background-attachment":"scroll","background-type":"","background-media":"","overlay-type":"","overlay-color":"","overlay-opacity":"","overlay-gradient":""},"mobile":{"background-color":"","background-image":"","background-repeat":"repeat","background-position":"center center","background-size":"auto","background-attachment":"scroll","background-type":"","background-media":"","overlay-type":"","overlay-color":"","overlay-opacity":"","overlay-gradient":""}},"ast-content-background-meta":{"desktop":{"background-color":"var(--ast-global-color-4)","background-image":"","background-repeat":"repeat","background-position":"center center","background-size":"auto","background-attachment":"scroll","background-type":"","background-media":"","overlay-type":"","overlay-color":"","overlay-opacity":"","overlay-gradient":""},"tablet":{"background-color":"var(--ast-global-color-4)","background-image":"","background-repeat":"repeat","background-position":"center center","background-size":"auto","background-attachment":"scroll","background-type":"","background-media":"","overlay-type":"","overlay-color":"","overlay-opacity":"","overlay-gradient":""},"mobile":{"background-color":"var(--ast-global-color-4)","background-image":"","background-repeat":"repeat","background-position":"center center","background-size":"auto","background-attachment":"scroll","background-type":"","background-media":"","overlay-type":"","overlay-color":"","overlay-opacity":"","overlay-gradient":""}},"footnotes":""},"class_list":["post-20","page","type-page","status-publish","hentry"],"aioseo_notices":[],"_hostinger_reach_plugin_has_subscription_block":false,"_hostinger_reach_plugin_is_elementor":false,"_links":{"self":[{"href":"https:\/\/berghol-samy.com\/en\/wp-json\/wp\/v2\/pages\/20","targetHints":{"allow":["GET"]}}],"collection":[{"href":"https:\/\/berghol-samy.com\/en\/wp-json\/wp\/v2\/pages"}],"about":[{"href":"https:\/\/berghol-samy.com\/en\/wp-json\/wp\/v2\/types\/page"}],"author":[{"embeddable":true,"href":"https:\/\/berghol-samy.com\/en\/wp-json\/wp\/v2\/users\/1"}],"replies":[{"embeddable":true,"href":"https:\/\/berghol-samy.com\/en\/wp-json\/wp\/v2\/comments?post=20"}],"version-history":[{"count":61,"href":"https:\/\/berghol-samy.com\/en\/wp-json\/wp\/v2\/pages\/20\/revisions"}],"predecessor-version":[{"id":231,"href":"https:\/\/berghol-samy.com\/en\/wp-json\/wp\/v2\/pages\/20\/revisions\/231"}],"wp:attachment":[{"href":"https:\/\/berghol-samy.com\/en\/wp-json\/wp\/v2\/media?parent=20"}],"curies":[{"name":"wp","href":"https:\/\/api.w.org\/{rel}","templated":true}]}}