{"id":22,"date":"2026-03-02T11:43:06","date_gmt":"2026-03-02T11:43:06","guid":{"rendered":"https:\/\/berghol-samy.com\/?page_id=22"},"modified":"2026-03-04T19:54:20","modified_gmt":"2026-03-04T19:54:20","slug":"a-propos","status":"publish","type":"page","link":"https:\/\/berghol-samy.com\/en\/a-propos\/","title":{"rendered":"About us"},"content":{"rendered":"<div data-elementor-type=\"wp-page\" data-elementor-id=\"22\" class=\"elementor elementor-22\">\n\t\t\t\t<div class=\"elementor-element elementor-element-7e4b0e7 e-flex e-con-boxed e-con e-parent\" data-id=\"7e4b0e7\" data-element_type=\"container\" data-e-type=\"container\">\n\t\t\t\t\t<div class=\"e-con-inner\">\n\t\t\t\t<div class=\"elementor-element elementor-element-77b0918 elementor-widget elementor-widget-heading\" data-id=\"77b0918\" data-element_type=\"widget\" data-e-type=\"widget\" data-widget_type=\"heading.default\">\n\t\t\t\t\t<h1 class=\"elementor-heading-title elementor-size-default\">About us\n<\/h1>\t\t\t\t<\/div>\n\t\t\t\t<div class=\"elementor-element elementor-element-4d32425 elementor-widget elementor-widget-heading\" data-id=\"4d32425\" data-element_type=\"widget\" data-e-type=\"widget\" data-widget_type=\"heading.default\">\n\t\t\t\t\t<h3 class=\"elementor-heading-title elementor-size-default\">Video BUT3<\/h3>\t\t\t\t<\/div>\n\t\t\t\t\t<\/div>\n\t\t\t\t<\/div>\n\t\t<div class=\"elementor-element elementor-element-961abdd e-flex e-con-boxed e-con e-parent\" data-id=\"961abdd\" data-element_type=\"container\" data-e-type=\"container\">\n\t\t\t\t\t<div class=\"e-con-inner\">\n\t\t\t\t<div class=\"elementor-element elementor-element-62debac elementor-widget elementor-widget-video\" data-id=\"62debac\" data-element_type=\"widget\" data-e-type=\"widget\" data-settings=\"{&quot;youtube_url&quot;:&quot;https:\\\/\\\/youtu.be\\\/N6TbFyXnCDQ&quot;,&quot;video_type&quot;:&quot;youtube&quot;,&quot;controls&quot;:&quot;yes&quot;}\" data-widget_type=\"video.default\">\n\t\t\t\t\t\t\t<div class=\"elementor-wrapper elementor-open-inline\">\n\t\t\t<div class=\"elementor-video\"><\/div>\t\t<\/div>\n\t\t\t\t\t\t<\/div>\n\t\t\t\t\t<\/div>\n\t\t\t\t<\/div>\n\t\t<div class=\"elementor-element elementor-element-5912a61 e-flex e-con-boxed e-con e-parent\" data-id=\"5912a61\" data-element_type=\"container\" data-e-type=\"container\">\n\t\t\t\t\t<div class=\"e-con-inner\">\n\t\t\t\t<div class=\"elementor-element elementor-element-246517c elementor-widget elementor-widget-heading\" data-id=\"246517c\" data-element_type=\"widget\" data-e-type=\"widget\" data-widget_type=\"heading.default\">\n\t\t\t\t\t<h2 class=\"elementor-heading-title elementor-size-default\">My journey<\/h2>\t\t\t\t<\/div>\n\t\t\t\t<div class=\"elementor-element elementor-element-7479e21 elementor-widget elementor-widget-text-editor\" data-id=\"7479e21\" data-element_type=\"widget\" data-e-type=\"widget\" data-widget_type=\"text-editor.default\">\n\t\t\t\t\t\t\t\t\t<p><span style=\"font-weight: 400;\">My name is Samy Berghol and I'm currently in my third year of a Computer Science degree at the IUT Littoral C\u00f4te d'Opale.<\/span><\/p><p><span style=\"font-weight: 400;\">I was born in Italy, then spent part of my schooling in France before completing my secondary education in Casablanca, Morocco. After passing my baccalaur\u00e9at, I decided to return to France to continue my studies in computer science in Calais.<\/span><\/p><p><span style=\"font-weight: 400;\">I chose this path because I belong to a very connected generation, fascinated by digital technologies and how they work. Very early on, I felt the need to understand how the computers and software we use every day work.<\/span><\/p>\t\t\t\t\t\t\t\t<\/div>\n\t\t\t\t\t<\/div>\n\t\t\t\t<\/div>\n\t\t<div class=\"elementor-element elementor-element-17d7708 e-grid e-con-boxed e-con e-parent\" data-id=\"17d7708\" data-element_type=\"container\" data-e-type=\"container\">\n\t\t\t\t\t<div class=\"e-con-inner\">\n\t\t\t\t<div class=\"elementor-element elementor-element-6f3b80b elementor-widget elementor-widget-image\" data-id=\"6f3b80b\" data-element_type=\"widget\" data-e-type=\"widget\" data-widget_type=\"image.default\">\n\t\t\t\t\t\t\t\t\t\t\t\t\t\t\t<img fetchpriority=\"high\" decoding=\"async\" width=\"1024\" height=\"768\" src=\"https:\/\/berghol-samy.com\/wp-content\/uploads\/2026\/03\/20200223_233713000_iOS-1.jpg\" class=\"attachment-large size-large wp-image-140\" alt=\"\" srcset=\"https:\/\/berghol-samy.com\/wp-content\/uploads\/2026\/03\/20200223_233713000_iOS-1.jpg 1024w, https:\/\/berghol-samy.com\/wp-content\/uploads\/2026\/03\/20200223_233713000_iOS-1-300x225.jpg 300w, https:\/\/berghol-samy.com\/wp-content\/uploads\/2026\/03\/20200223_233713000_iOS-1-768x576.jpg 768w\" sizes=\"(max-width: 1024px) 100vw, 1024px\" \/>\t\t\t\t\t\t\t\t\t\t\t\t\t\t\t<\/div>\n\t\t\t\t<div class=\"elementor-element elementor-element-2a6be23 elementor-widget elementor-widget-image\" data-id=\"2a6be23\" data-element_type=\"widget\" data-e-type=\"widget\" data-widget_type=\"image.default\">\n\t\t\t\t\t\t\t\t\t\t\t\t\t\t\t<img decoding=\"async\" width=\"1024\" height=\"768\" src=\"https:\/\/berghol-samy.com\/wp-content\/uploads\/2026\/03\/20200521_220837000_iOS-1024x768.jpg\" class=\"attachment-large size-large wp-image-142\" alt=\"\" srcset=\"https:\/\/berghol-samy.com\/wp-content\/uploads\/2026\/03\/20200521_220837000_iOS-1024x768.jpg 1024w, https:\/\/berghol-samy.com\/wp-content\/uploads\/2026\/03\/20200521_220837000_iOS-300x225.jpg 300w, https:\/\/berghol-samy.com\/wp-content\/uploads\/2026\/03\/20200521_220837000_iOS-768x576.jpg 768w, https:\/\/berghol-samy.com\/wp-content\/uploads\/2026\/03\/20200521_220837000_iOS-1536x1152.jpg 1536w, https:\/\/berghol-samy.com\/wp-content\/uploads\/2026\/03\/20200521_220837000_iOS-2048x1536.jpg 2048w\" sizes=\"(max-width: 1024px) 100vw, 1024px\" \/>\t\t\t\t\t\t\t\t\t\t\t\t\t\t\t<\/div>\n\t\t\t\t<div class=\"elementor-element elementor-element-50eb01a elementor-widget elementor-widget-image\" data-id=\"50eb01a\" data-element_type=\"widget\" data-e-type=\"widget\" data-widget_type=\"image.default\">\n\t\t\t\t\t\t\t\t\t\t\t\t\t\t\t<img decoding=\"async\" width=\"1024\" height=\"768\" src=\"https:\/\/berghol-samy.com\/wp-content\/uploads\/2026\/03\/WhatsApp-Image-2026-03-04-at-16.07.16-1024x768.jpeg\" class=\"attachment-large size-large wp-image-143\" alt=\"\" srcset=\"https:\/\/berghol-samy.com\/wp-content\/uploads\/2026\/03\/WhatsApp-Image-2026-03-04-at-16.07.16-1024x768.jpeg 1024w, https:\/\/berghol-samy.com\/wp-content\/uploads\/2026\/03\/WhatsApp-Image-2026-03-04-at-16.07.16-300x225.jpeg 300w, https:\/\/berghol-samy.com\/wp-content\/uploads\/2026\/03\/WhatsApp-Image-2026-03-04-at-16.07.16-768x576.jpeg 768w, https:\/\/berghol-samy.com\/wp-content\/uploads\/2026\/03\/WhatsApp-Image-2026-03-04-at-16.07.16-1536x1152.jpeg 1536w, https:\/\/berghol-samy.com\/wp-content\/uploads\/2026\/03\/WhatsApp-Image-2026-03-04-at-16.07.16.jpeg 2048w\" sizes=\"(max-width: 1024px) 100vw, 1024px\" \/>\t\t\t\t\t\t\t\t\t\t\t\t\t\t\t<\/div>\n\t\t\t\t<div class=\"elementor-element elementor-element-ccafda7 elementor-widget elementor-widget-image\" data-id=\"ccafda7\" data-element_type=\"widget\" data-e-type=\"widget\" data-widget_type=\"image.default\">\n\t\t\t\t\t\t\t\t\t\t\t\t\t\t\t<img decoding=\"async\" src=\"https:\/\/berghol-samy.com\/wp-content\/uploads\/elementor\/thumbs\/WhatsApp-Image-2026-03-04-at-16.09.03-rk0pmx5eb7sa115wa3iw3fxy5j3wikuqdu4rexga2o.jpeg\" title=\"WhatsApp Image 2026-03-04 at 16.09.03\" alt=\"WhatsApp Image 2026-03-04 at 16.09.03\" loading=\"lazy\" \/>\t\t\t\t\t\t\t\t\t\t\t\t\t\t\t<\/div>\n\t\t\t\t<div class=\"elementor-element elementor-element-3d18762 elementor-widget elementor-widget-image\" data-id=\"3d18762\" data-element_type=\"widget\" data-e-type=\"widget\" data-widget_type=\"image.default\">\n\t\t\t\t\t\t\t\t\t\t\t\t\t\t\t<img loading=\"lazy\" decoding=\"async\" width=\"1024\" height=\"1024\" src=\"https:\/\/berghol-samy.com\/wp-content\/uploads\/2026\/03\/WhatsApp-Image-2026-03-04-at-14.15.51-1024x1024.jpeg\" class=\"attachment-large size-large wp-image-72\" alt=\"\" srcset=\"https:\/\/berghol-samy.com\/wp-content\/uploads\/2026\/03\/WhatsApp-Image-2026-03-04-at-14.15.51-1024x1024.jpeg 1024w, https:\/\/berghol-samy.com\/wp-content\/uploads\/2026\/03\/WhatsApp-Image-2026-03-04-at-14.15.51-300x300.jpeg 300w, https:\/\/berghol-samy.com\/wp-content\/uploads\/2026\/03\/WhatsApp-Image-2026-03-04-at-14.15.51-150x150.jpeg 150w, https:\/\/berghol-samy.com\/wp-content\/uploads\/2026\/03\/WhatsApp-Image-2026-03-04-at-14.15.51-768x768.jpeg 768w, https:\/\/berghol-samy.com\/wp-content\/uploads\/2026\/03\/WhatsApp-Image-2026-03-04-at-14.15.51.jpeg 1440w\" sizes=\"(max-width: 1024px) 100vw, 1024px\" \/>\t\t\t\t\t\t\t\t\t\t\t\t\t\t\t<\/div>\n\t\t\t\t<div class=\"elementor-element elementor-element-2279331 elementor-widget elementor-widget-image\" data-id=\"2279331\" data-element_type=\"widget\" data-e-type=\"widget\" data-widget_type=\"image.default\">\n\t\t\t\t\t\t\t\t\t\t\t\t\t\t\t<img decoding=\"async\" src=\"https:\/\/berghol-samy.com\/wp-content\/uploads\/elementor\/thumbs\/20220706_123851055_iOS-scaled-rk0i4jumhro4ivw21q93e63uwlq3gsi7jmruyobxts.jpg\" title=\"20220706_123851055_iOS\" alt=\"20220706_123851055_iOS\" loading=\"lazy\" \/>\t\t\t\t\t\t\t\t\t\t\t\t\t\t\t<\/div>\n\t\t\t\t\t<\/div>\n\t\t\t\t<\/div>\n\t\t<div class=\"elementor-element elementor-element-5dd9b1e e-flex e-con-boxed e-con e-parent\" data-id=\"5dd9b1e\" data-element_type=\"container\" data-e-type=\"container\">\n\t\t\t\t\t<div class=\"e-con-inner\">\n\t\t\t\t<div class=\"elementor-element elementor-element-7175aeb elementor-widget elementor-widget-heading\" data-id=\"7175aeb\" data-element_type=\"widget\" data-e-type=\"widget\" data-widget_type=\"heading.default\">\n\t\t\t\t\t<h2 class=\"elementor-heading-title elementor-size-default\">A passion for music<\/h2>\t\t\t\t<\/div>\n\t\t\t\t\t<\/div>\n\t\t\t\t<\/div>\n\t\t<div class=\"elementor-element elementor-element-61513ce e-flex e-con-boxed e-con e-parent\" data-id=\"61513ce\" data-element_type=\"container\" data-e-type=\"container\">\n\t\t\t\t\t<div class=\"e-con-inner\">\n\t\t\t\t<div class=\"elementor-element elementor-element-9b64838 elementor-widget elementor-widget-text-editor\" data-id=\"9b64838\" data-element_type=\"widget\" data-e-type=\"widget\" data-widget_type=\"text-editor.default\">\n\t\t\t\t\t\t\t\t\t<p><span style=\"font-weight: 400;\">Alongside my studies, I've been passionate about music for over six years. I'm a freelance music producer, composing tracks in a variety of styles, from classical music to modern productions.<\/span><\/p><p><span style=\"font-weight: 400;\">I also produce the <\/span><b>mixing and mastering<\/b><span style=\"font-weight: 400;\"> of my own compositions. This practice has enabled me to familiarize myself with many audio production tools and to better understand the needs of music creators.<\/span><\/p><p><span style=\"font-weight: 400;\">It was naturally through this passion that I wanted to link music and computing.<\/span><\/p>\t\t\t\t\t\t\t\t<\/div>\n\t\t\t\t\t<\/div>\n\t\t\t\t<\/div>\n\t\t<div class=\"elementor-element elementor-element-f6a0ed1 e-grid e-con-boxed e-con e-parent\" data-id=\"f6a0ed1\" data-element_type=\"container\" data-e-type=\"container\">\n\t\t\t\t\t<div class=\"e-con-inner\">\n\t\t\t\t<div class=\"elementor-element elementor-element-ee0f2b9 elementor-widget elementor-widget-image\" data-id=\"ee0f2b9\" data-element_type=\"widget\" data-e-type=\"widget\" data-widget_type=\"image.default\">\n\t\t\t\t\t\t\t\t\t\t\t\t\t\t\t<img loading=\"lazy\" decoding=\"async\" width=\"1024\" height=\"1024\" src=\"https:\/\/berghol-samy.com\/wp-content\/uploads\/2026\/03\/img_1-1024x1024.jpg\" class=\"attachment-large size-large wp-image-148\" alt=\"\" srcset=\"https:\/\/berghol-samy.com\/wp-content\/uploads\/2026\/03\/img_1-1024x1024.jpg 1024w, https:\/\/berghol-samy.com\/wp-content\/uploads\/2026\/03\/img_1-300x300.jpg 300w, https:\/\/berghol-samy.com\/wp-content\/uploads\/2026\/03\/img_1-150x150.jpg 150w, https:\/\/berghol-samy.com\/wp-content\/uploads\/2026\/03\/img_1-768x768.jpg 768w, https:\/\/berghol-samy.com\/wp-content\/uploads\/2026\/03\/img_1-1536x1536.jpg 1536w, https:\/\/berghol-samy.com\/wp-content\/uploads\/2026\/03\/img_1-2048x2048.jpg 2048w\" sizes=\"(max-width: 1024px) 100vw, 1024px\" \/>\t\t\t\t\t\t\t\t\t\t\t\t\t\t\t<\/div>\n\t\t\t\t<div class=\"elementor-element elementor-element-248de98 elementor-widget elementor-widget-image\" data-id=\"248de98\" data-element_type=\"widget\" data-e-type=\"widget\" data-widget_type=\"image.default\">\n\t\t\t\t\t\t\t\t\t\t\t\t\t\t\t<img loading=\"lazy\" decoding=\"async\" width=\"1024\" height=\"1024\" src=\"https:\/\/berghol-samy.com\/wp-content\/uploads\/2026\/03\/img_2-1024x1024.jpg\" class=\"attachment-large size-large wp-image-149\" alt=\"\" srcset=\"https:\/\/berghol-samy.com\/wp-content\/uploads\/2026\/03\/img_2-1024x1024.jpg 1024w, https:\/\/berghol-samy.com\/wp-content\/uploads\/2026\/03\/img_2-300x300.jpg 300w, https:\/\/berghol-samy.com\/wp-content\/uploads\/2026\/03\/img_2-150x150.jpg 150w, https:\/\/berghol-samy.com\/wp-content\/uploads\/2026\/03\/img_2-768x768.jpg 768w, https:\/\/berghol-samy.com\/wp-content\/uploads\/2026\/03\/img_2-1536x1536.jpg 1536w, https:\/\/berghol-samy.com\/wp-content\/uploads\/2026\/03\/img_2-2048x2048.jpg 2048w\" sizes=\"(max-width: 1024px) 100vw, 1024px\" \/>\t\t\t\t\t\t\t\t\t\t\t\t\t\t\t<\/div>\n\t\t\t\t<div class=\"elementor-element elementor-element-b105b9d elementor-widget elementor-widget-image\" data-id=\"b105b9d\" data-element_type=\"widget\" data-e-type=\"widget\" data-widget_type=\"image.default\">\n\t\t\t\t\t\t\t\t\t\t\t\t\t\t\t<img loading=\"lazy\" decoding=\"async\" width=\"828\" height=\"828\" src=\"https:\/\/berghol-samy.com\/wp-content\/uploads\/2026\/03\/20230125_091610000_iOS-1.png\" class=\"attachment-large size-large wp-image-151\" alt=\"\" srcset=\"https:\/\/berghol-samy.com\/wp-content\/uploads\/2026\/03\/20230125_091610000_iOS-1.png 828w, https:\/\/berghol-samy.com\/wp-content\/uploads\/2026\/03\/20230125_091610000_iOS-1-300x300.png 300w, https:\/\/berghol-samy.com\/wp-content\/uploads\/2026\/03\/20230125_091610000_iOS-1-150x150.png 150w, https:\/\/berghol-samy.com\/wp-content\/uploads\/2026\/03\/20230125_091610000_iOS-1-768x768.png 768w\" sizes=\"(max-width: 828px) 100vw, 828px\" \/>\t\t\t\t\t\t\t\t\t\t\t\t\t\t\t<\/div>\n\t\t\t\t\t<\/div>\n\t\t\t\t<\/div>\n\t\t<div class=\"elementor-element elementor-element-791635a e-flex e-con-boxed e-con e-parent\" data-id=\"791635a\" data-element_type=\"container\" data-e-type=\"container\">\n\t\t\t\t\t<div class=\"e-con-inner\">\n\t\t\t\t<div class=\"elementor-element elementor-element-bd4b243 elementor-widget elementor-widget-heading\" data-id=\"bd4b243\" data-element_type=\"widget\" data-e-type=\"widget\" data-widget_type=\"heading.default\">\n\t\t\t\t\t<h2 class=\"elementor-heading-title elementor-size-default\">Computers and digital audio<\/h2>\t\t\t\t<\/div>\n\t\t\t\t\t<\/div>\n\t\t\t\t<\/div>\n\t\t<div class=\"elementor-element elementor-element-e838e3e e-flex e-con-boxed e-con e-parent\" data-id=\"e838e3e\" data-element_type=\"container\" data-e-type=\"container\">\n\t\t\t\t\t<div class=\"e-con-inner\">\n\t\t\t\t<div class=\"elementor-element elementor-element-829ac68 elementor-widget elementor-widget-text-editor\" data-id=\"829ac68\" data-element_type=\"widget\" data-e-type=\"widget\" data-widget_type=\"text-editor.default\">\n\t\t\t\t\t\t\t\t\t<p><span style=\"font-weight: 400;\">In order to combine these two worlds, I began to take an interest in the <\/span><b>development of plugins and audio tools<\/b><span style=\"font-weight: 400;\">. I have completed several projects in <\/span><b>C++ with the JUCE framework<\/b><span style=\"font-weight: 400;\">, using Visual Studio to develop plug-ins for digital audio workstations (DAWs).<\/span><\/p><p><span style=\"font-weight: 400;\">These projects enabled me to explore notions related to <\/span><b>audio signal processing, spectrum analysis and digital audio effects design<\/b><span style=\"font-weight: 400;\">.<\/span><\/p>\t\t\t\t\t\t\t\t<\/div>\n\t\t\t\t\t<\/div>\n\t\t\t\t<\/div>\n\t\t<div class=\"elementor-element elementor-element-5492960 e-flex e-con-boxed e-con e-parent\" data-id=\"5492960\" data-element_type=\"container\" data-e-type=\"container\">\n\t\t\t\t\t<div class=\"e-con-inner\">\n\t\t\t\t<div class=\"elementor-element elementor-element-1dbdd68 elementor-widget elementor-widget-heading\" data-id=\"1dbdd68\" data-element_type=\"widget\" data-e-type=\"widget\" data-widget_type=\"heading.default\">\n\t\t\t\t\t<h2 class=\"elementor-heading-title elementor-size-default\">Objectives<\/h2>\t\t\t\t<\/div>\n\t\t\t\t\t<\/div>\n\t\t\t\t<\/div>\n\t\t<div class=\"elementor-element elementor-element-4ceb33b e-flex e-con-boxed e-con e-parent\" data-id=\"4ceb33b\" data-element_type=\"container\" data-e-type=\"container\">\n\t\t\t\t\t<div class=\"e-con-inner\">\n\t\t\t\t<div class=\"elementor-element elementor-element-2697ef1 elementor-widget elementor-widget-text-editor\" data-id=\"2697ef1\" data-element_type=\"widget\" data-e-type=\"widget\" data-widget_type=\"text-editor.default\">\n\t\t\t\t\t\t\t\t\t<p><span style=\"font-weight: 400;\">On completion of my Computer Science degree, I'd like to continue my studies in <\/span><b>Master of Computer Science<\/b><span style=\"font-weight: 400;\"> to strengthen my software development skills, particularly in <\/span><b>C\/C++ and Python<\/b><span style=\"font-weight: 400;\">.<\/span><\/p><p><span style=\"font-weight: 400;\">I would also like to improve my level of English and do a <\/span><b>Erasmus university exchange<\/b><span style=\"font-weight: 400;\">, to develop my language skills and discover other academic environments.<\/span><\/p><p><span style=\"font-weight: 400;\">In the longer term, the idea of creating a <\/span><b>Ph.D. in sound signal processing<\/b><span style=\"font-weight: 400;\"> is of particular interest to me.<\/span><\/p><p><span style=\"font-weight: 400;\">My professional goal is to join a company at the crossroads of <\/span><b>audio and IT<\/b><span style=\"font-weight: 400;\">, to participate in the development of innovative tools for musical creation and to contribute to research and development in this field.<\/span><\/p>\t\t\t\t\t\t\t\t<\/div>\n\t\t\t\t\t<\/div>\n\t\t\t\t<\/div>\n\t\t\t\t<\/div>","protected":false},"excerpt":{"rendered":"<p>\u00c0 propos Vid\u00e9o BUT3 https:\/\/youtu.be\/N6TbFyXnCDQ Mon parcours Je m\u2019appelle Samy Berghol et je suis actuellement \u00e9tudiant en troisi\u00e8me ann\u00e9e de [&hellip;]<\/p>\n","protected":false},"author":1,"featured_media":0,"parent":0,"menu_order":0,"comment_status":"closed","ping_status":"closed","template":"","meta":{"site-sidebar-layout":"no-sidebar","site-content-layout":"","ast-site-content-layout":"full-width-container","site-content-style":"default","site-sidebar-style":"default","ast-global-header-display":"","ast-banner-title-visibility":"","ast-main-header-display":"","ast-hfb-above-header-display":"","ast-hfb-below-header-display":"","ast-hfb-mobile-header-display":"","site-post-title":"disabled","ast-breadcrumbs-content":"","ast-featured-img":"disabled","footer-sml-layout":"","ast-disable-related-posts":"","theme-transparent-header-meta":"","adv-header-id-meta":"","stick-header-meta":"","header-above-stick-meta":"","header-main-stick-meta":"","header-below-stick-meta":"","astra-migrate-meta-layouts":"default","ast-page-background-enabled":"default","ast-page-background-meta":{"desktop":{"background-color":"var(--ast-global-color-5)","background-image":"","background-repeat":"repeat","background-position":"center center","background-size":"auto","background-attachment":"scroll","background-type":"","background-media":"","overlay-type":"","overlay-color":"","overlay-opacity":"","overlay-gradient":""},"tablet":{"background-color":"","background-image":"","background-repeat":"repeat","background-position":"center center","background-size":"auto","background-attachment":"scroll","background-type":"","background-media":"","overlay-type":"","overlay-color":"","overlay-opacity":"","overlay-gradient":""},"mobile":{"background-color":"","background-image":"","background-repeat":"repeat","background-position":"center center","background-size":"auto","background-attachment":"scroll","background-type":"","background-media":"","overlay-type":"","overlay-color":"","overlay-opacity":"","overlay-gradient":""}},"ast-content-background-meta":{"desktop":{"background-color":"var(--ast-global-color-4)","background-image":"","background-repeat":"repeat","background-position":"center center","background-size":"auto","background-attachment":"scroll","background-type":"","background-media":"","overlay-type":"","overlay-color":"","overlay-opacity":"","overlay-gradient":""},"tablet":{"background-color":"var(--ast-global-color-4)","background-image":"","background-repeat":"repeat","background-position":"center center","background-size":"auto","background-attachment":"scroll","background-type":"","background-media":"","overlay-type":"","overlay-color":"","overlay-opacity":"","overlay-gradient":""},"mobile":{"background-color":"var(--ast-global-color-4)","background-image":"","background-repeat":"repeat","background-position":"center center","background-size":"auto","background-attachment":"scroll","background-type":"","background-media":"","overlay-type":"","overlay-color":"","overlay-opacity":"","overlay-gradient":""}},"footnotes":""},"class_list":["post-22","page","type-page","status-publish","hentry"],"aioseo_notices":[],"_hostinger_reach_plugin_has_subscription_block":false,"_hostinger_reach_plugin_is_elementor":false,"_links":{"self":[{"href":"https:\/\/berghol-samy.com\/en\/wp-json\/wp\/v2\/pages\/22","targetHints":{"allow":["GET"]}}],"collection":[{"href":"https:\/\/berghol-samy.com\/en\/wp-json\/wp\/v2\/pages"}],"about":[{"href":"https:\/\/berghol-samy.com\/en\/wp-json\/wp\/v2\/types\/page"}],"author":[{"embeddable":true,"href":"https:\/\/berghol-samy.com\/en\/wp-json\/wp\/v2\/users\/1"}],"replies":[{"embeddable":true,"href":"https:\/\/berghol-samy.com\/en\/wp-json\/wp\/v2\/comments?post=22"}],"version-history":[{"count":19,"href":"https:\/\/berghol-samy.com\/en\/wp-json\/wp\/v2\/pages\/22\/revisions"}],"predecessor-version":[{"id":234,"href":"https:\/\/berghol-samy.com\/en\/wp-json\/wp\/v2\/pages\/22\/revisions\/234"}],"wp:attachment":[{"href":"https:\/\/berghol-samy.com\/en\/wp-json\/wp\/v2\/media?parent=22"}],"curies":[{"name":"wp","href":"https:\/\/api.w.org\/{rel}","templated":true}]}}