{"id":26,"date":"2026-03-02T11:43:53","date_gmt":"2026-03-02T11:43:53","guid":{"rendered":"https:\/\/berghol-samy.com\/?page_id=26"},"modified":"2026-03-04T17:27:13","modified_gmt":"2026-03-04T17:27:13","slug":"cv","status":"publish","type":"page","link":"https:\/\/berghol-samy.com\/en\/cv\/","title":{"rendered":"CV"},"content":{"rendered":"<div data-elementor-type=\"wp-page\" data-elementor-id=\"26\" class=\"elementor elementor-26\">\n\t\t\t\t<div class=\"elementor-element elementor-element-d981516 e-flex e-con-boxed e-con e-parent\" data-id=\"d981516\" data-element_type=\"container\" data-e-type=\"container\">\n\t\t\t\t\t<div class=\"e-con-inner\">\n\t\t\t\t<div class=\"elementor-element elementor-element-1871610 elementor-widget elementor-widget-heading\" data-id=\"1871610\" data-element_type=\"widget\" data-e-type=\"widget\" data-widget_type=\"heading.default\">\n\t\t\t\t\t<h1 class=\"elementor-heading-title elementor-size-default\">Curriculum Vitae<\/h1>\t\t\t\t<\/div>\n\t\t\t\t<div class=\"elementor-element elementor-element-ac9527c elementor-widget elementor-widget-button\" data-id=\"ac9527c\" data-element_type=\"widget\" data-e-type=\"widget\" data-widget_type=\"button.default\">\n\t\t\t\t\t\t\t\t\t\t<a class=\"elementor-button elementor-button-link elementor-size-sm elementor-animation-pulse\" href=\"https:\/\/berghol-samy.com\/wp-content\/uploads\/2026\/03\/CV_MonMaster.pdf\" target=\"_blank\">\n\t\t\t\t\t\t<span class=\"elementor-button-content-wrapper\">\n\t\t\t\t\t\t\t\t\t<span class=\"elementor-button-text\">Download my CV<\/span>\n\t\t\t\t\t<\/span>\n\t\t\t\t\t<\/a>\n\t\t\t\t\t\t\t\t<\/div>\n\t\t\t\t<div class=\"elementor-element elementor-element-ecc18ee elementor-widget elementor-widget-text-editor\" data-id=\"ecc18ee\" data-element_type=\"widget\" data-e-type=\"widget\" data-widget_type=\"text-editor.default\">\n\t\t\t\t\t\t\t\t\t<p>As a third-year student at BUT Informatique, I'm particularly interested in software development and digital audio technologies.<br data-start=\"570\" data-end=\"573\" \/>My background combines a passion for music with programming skills, particularly in C++ and Python.<\/p>\t\t\t\t\t\t\t\t<\/div>\n\t\t\t\t<div class=\"elementor-element elementor-element-4925ca7 elementor-widget elementor-widget-heading\" data-id=\"4925ca7\" data-element_type=\"widget\" data-e-type=\"widget\" data-widget_type=\"heading.default\">\n\t\t\t\t\t<h2 class=\"elementor-heading-title elementor-size-default\">Training<\/h2>\t\t\t\t<\/div>\n\t\t\t\t\t<\/div>\n\t\t\t\t<\/div>\n\t\t<div class=\"elementor-element elementor-element-84cf4a9 e-flex e-con-boxed e-con e-parent\" data-id=\"84cf4a9\" data-element_type=\"container\" data-e-type=\"container\">\n\t\t\t\t\t<div class=\"e-con-inner\">\n\t\t\t\t<div class=\"elementor-element elementor-element-70d0936 elementor-widget elementor-widget-text-editor\" data-id=\"70d0936\" data-element_type=\"widget\" data-e-type=\"widget\" data-widget_type=\"text-editor.default\">\n\t\t\t\t\t\t\t\t\t<p data-start=\"750\" data-end=\"840\"><strong data-start=\"750\" data-end=\"801\">BUT Informatique - IUT du Littoral C\u00f4te d'Opale<\/strong><br data-start=\"801\" data-end=\"804\" \/><em>2022 - 2025<\/em><br data-start=\"815\" data-end=\"818\" \/>Development path<\/p><p data-start=\"842\" data-end=\"898\"><strong data-start=\"842\" data-end=\"871\">Baccalaureate - Casablanca<\/strong><br data-start=\"871\" data-end=\"874\" \/>SVT \/ Physics Chemistry \/ Complementary Mathematics Specialty<\/p>\t\t\t\t\t\t\t\t<\/div>\n\t\t\t\t\t<\/div>\n\t\t\t\t<\/div>\n\t\t<div class=\"elementor-element elementor-element-843f56c e-flex e-con-boxed e-con e-parent\" data-id=\"843f56c\" data-element_type=\"container\" data-e-type=\"container\">\n\t\t\t\t\t<div class=\"e-con-inner\">\n\t\t\t\t<div class=\"elementor-element elementor-element-3ab56b3 elementor-widget elementor-widget-heading\" data-id=\"3ab56b3\" data-element_type=\"widget\" data-e-type=\"widget\" data-widget_type=\"heading.default\">\n\t\t\t\t\t<h2 class=\"elementor-heading-title elementor-size-default\">Technical skills<\/h2>\t\t\t\t<\/div>\n\t\t\t\t<div class=\"elementor-element elementor-element-1ae7ed3 elementor-widget elementor-widget-text-editor\" data-id=\"1ae7ed3\" data-element_type=\"widget\" data-e-type=\"widget\" data-widget_type=\"text-editor.default\">\n\t\t\t\t\t\t\t\t\t<h3 data-start=\"1043\" data-end=\"1055\">Languages<\/h3><ul data-start=\"1057\" data-end=\"1113\"><li data-start=\"1057\" data-end=\"1062\"><p data-start=\"1059\" data-end=\"1062\">C<\/p><\/li><li data-start=\"1063\" data-end=\"1070\"><p data-start=\"1065\" data-end=\"1070\">C++<\/p><\/li><li data-start=\"1071\" data-end=\"1081\"><p data-start=\"1073\" data-end=\"1081\">Python<\/p><\/li><li data-start=\"1082\" data-end=\"1090\"><p data-start=\"1084\" data-end=\"1090\">Java<\/p><\/li><li data-start=\"1091\" data-end=\"1105\"><p data-start=\"1093\" data-end=\"1105\">JavaScript<\/p><\/li><li data-start=\"1106\" data-end=\"1113\"><p data-start=\"1108\" data-end=\"1113\">SQL<\/p><\/li><\/ul><h3 data-start=\"1115\" data-end=\"1131\">Technologies<\/h3><ul data-start=\"1133\" data-end=\"1176\"><li data-start=\"1133\" data-end=\"1141\"><p data-start=\"1135\" data-end=\"1141\">JUCE<\/p><\/li><li data-start=\"1142\" data-end=\"1153\"><p data-start=\"1144\" data-end=\"1153\">Flutter<\/p><\/li><li data-start=\"1154\" data-end=\"1165\"><p data-start=\"1156\" data-end=\"1165\">Node.js<\/p><\/li><li data-start=\"1166\" data-end=\"1176\"><p data-start=\"1168\" data-end=\"1176\">Vue.js<\/p><\/li><\/ul><h3 data-start=\"1178\" data-end=\"1188\">Tools<\/h3><ul data-start=\"1190\" data-end=\"1262\"><li data-start=\"1190\" data-end=\"1206\"><p data-start=\"1192\" data-end=\"1206\">Git \/ GitHub<\/p><\/li><li data-start=\"1207\" data-end=\"1224\"><p data-start=\"1209\" data-end=\"1224\">Visual Studio<\/p><\/li><li data-start=\"1225\" data-end=\"1235\"><p data-start=\"1227\" data-end=\"1235\">Docker<\/p><\/li><li data-start=\"1236\" data-end=\"1247\"><p data-start=\"1238\" data-end=\"1247\">MongoDB<\/p><\/li><li data-start=\"1248\" data-end=\"1262\"><p data-start=\"1250\" data-end=\"1262\">PostgreSQL<\/p><\/li><\/ul>\t\t\t\t\t\t\t\t<\/div>\n\t\t\t\t\t<\/div>\n\t\t\t\t<\/div>\n\t\t<div class=\"elementor-element elementor-element-21995af e-flex e-con-boxed e-con e-parent\" data-id=\"21995af\" data-element_type=\"container\" data-e-type=\"container\">\n\t\t\t\t\t<div class=\"e-con-inner\">\n\t\t\t\t<div class=\"elementor-element elementor-element-3249d3b elementor-widget elementor-widget-heading\" data-id=\"3249d3b\" data-element_type=\"widget\" data-e-type=\"widget\" data-widget_type=\"heading.default\">\n\t\t\t\t\t<h2 class=\"elementor-heading-title elementor-size-default\">Audio specialization<\/h2>\t\t\t\t<\/div>\n\t\t\t\t<div class=\"elementor-element elementor-element-268641b elementor-widget elementor-widget-text-editor\" data-id=\"268641b\" data-element_type=\"widget\" data-e-type=\"widget\" data-widget_type=\"text-editor.default\">\n\t\t\t\t\t\t\t\t\t<p>I've been an independent music producer for several years, composing, mixing and mastering my own tracks. This experience has led me to develop an interest in audio plugins and digital signal processing.<\/p>\t\t\t\t\t\t\t\t<\/div>\n\t\t\t\t\t<\/div>\n\t\t\t\t<\/div>\n\t\t<div class=\"elementor-element elementor-element-ae76272 e-flex e-con-boxed e-con e-parent\" data-id=\"ae76272\" data-element_type=\"container\" data-e-type=\"container\">\n\t\t\t\t\t<div class=\"e-con-inner\">\n\t\t\t\t<div class=\"elementor-element elementor-element-7d118ca elementor-widget elementor-widget-heading\" data-id=\"7d118ca\" data-element_type=\"widget\" data-e-type=\"widget\" data-widget_type=\"heading.default\">\n\t\t\t\t\t<h2 class=\"elementor-heading-title elementor-size-default\">Languages<\/h2>\t\t\t\t<\/div>\n\t\t\t\t\t<\/div>\n\t\t\t\t<\/div>\n\t\t<div class=\"elementor-element elementor-element-dc4bed1 e-flex e-con-boxed e-con e-parent\" data-id=\"dc4bed1\" data-element_type=\"container\" data-e-type=\"container\">\n\t\t\t\t\t<div class=\"e-con-inner\">\n\t\t\t\t<div class=\"elementor-element elementor-element-b0934ca elementor-widget elementor-widget-text-editor\" data-id=\"b0934ca\" data-element_type=\"widget\" data-e-type=\"widget\" data-widget_type=\"text-editor.default\">\n\t\t\t\t\t\t\t\t\t<ul><li data-start=\"1743\" data-end=\"1774\"><p data-start=\"1745\" data-end=\"1774\">Italian - mother tongue<\/p><\/li><li data-start=\"1775\" data-end=\"1797\"><p data-start=\"1777\" data-end=\"1797\">French - fluent<\/p><\/li><li data-start=\"1798\" data-end=\"1819\"><p data-start=\"1800\" data-end=\"1819\">English - fluent<\/p><\/li><li data-start=\"1820\" data-end=\"1848\"><p data-start=\"1822\" data-end=\"1848\">Spanish - intermediate<\/p><\/li><li data-start=\"1849\" data-end=\"1872\"><p data-start=\"1851\" data-end=\"1872\">Arabic - intermediate<\/p><\/li><\/ul>\t\t\t\t\t\t\t\t<\/div>\n\t\t\t\t\t<\/div>\n\t\t\t\t<\/div>\n\t\t<div class=\"elementor-element elementor-element-38080c6 e-flex e-con-boxed e-con e-parent\" data-id=\"38080c6\" data-element_type=\"container\" data-e-type=\"container\">\n\t\t\t\t\t<div class=\"e-con-inner\">\n\t\t\t\t<div class=\"elementor-element elementor-element-fc0666a elementor-widget elementor-widget-heading\" data-id=\"fc0666a\" data-element_type=\"widget\" data-e-type=\"widget\" data-widget_type=\"heading.default\">\n\t\t\t\t\t<h2 class=\"elementor-heading-title elementor-size-default\">Find me on :<\/h2>\t\t\t\t<\/div>\n\t\t\t\t\t<\/div>\n\t\t\t\t<\/div>\n\t\t<div class=\"elementor-element elementor-element-9dc2713 e-flex e-con-boxed e-con e-parent\" data-id=\"9dc2713\" data-element_type=\"container\" data-e-type=\"container\">\n\t\t\t\t\t<div class=\"e-con-inner\">\n\t\t<div class=\"elementor-element elementor-element-e4b1983 e-con-full e-flex e-con e-child\" data-id=\"e4b1983\" data-element_type=\"container\" data-e-type=\"container\">\n\t\t\t\t<div class=\"elementor-element elementor-element-54a0980 elementor-widget elementor-widget-heading\" data-id=\"54a0980\" data-element_type=\"widget\" data-e-type=\"widget\" data-widget_type=\"heading.default\">\n\t\t\t\t\t<h4 class=\"elementor-heading-title elementor-size-default\">GitHub<\/h4>\t\t\t\t<\/div>\n\t\t\t\t<div class=\"elementor-element elementor-element-b1848e1 elementor-align-center elementor-widget elementor-widget-button\" data-id=\"b1848e1\" data-element_type=\"widget\" data-e-type=\"widget\" data-widget_type=\"button.default\">\n\t\t\t\t\t\t\t\t\t\t<a class=\"elementor-button elementor-button-link elementor-size-sm elementor-animation-pulse\" href=\"https:\/\/github.com\/BERGHOL\">\n\t\t\t\t\t\t<span class=\"elementor-button-content-wrapper\">\n\t\t\t\t\t\t<span class=\"elementor-button-icon\">\n\t\t\t\t<svg aria-hidden=\"true\" class=\"e-font-icon-svg e-fab-github\" viewbox=\"0 0 496 512\" xmlns=\"http:\/\/www.w3.org\/2000\/svg\"><path d=\"M165.9 397.4c0 2-2.3 3.6-5.2 3.6-3.3.3-5.6-1.3-5.6-3.6 0-2 2.3-3.6 5.2-3.6 3-.3 5.6 1.3 5.6 3.6zm-31.1-4.5c-.7 2 1.3 4.3 4.3 4.9 2.6 1 5.6 0 6.2-2s-1.3-4.3-4.3-5.2c-2.6-.7-5.5.3-6.2 2.3zm44.2-1.7c-2.9.7-4.9 2.6-4.6 4.9.3 2 2.9 3.3 5.9 2.6 2.9-.7 4.9-2.6 4.6-4.6-.3-1.9-3-3.2-5.9-2.9zM244.8 8C106.1 8 0 113.3 0 252c0 110.9 69.8 205.8 169.5 239.2 12.8 2.3 17.3-5.6 17.3-12.1 0-6.2-.3-40.4-.3-61.4 0 0-70 15-84.7-29.8 0 0-11.4-29.1-27.8-36.6 0 0-22.9-15.7 1.6-15.4 0 0 24.9 2 38.6 25.8 21.9 38.6 58.6 27.5 72.9 20.9 2.3-16 8.8-27.1 16-33.7-55.9-6.2-112.3-14.3-112.3-110.5 0-27.5 7.6-41.3 23.6-58.9-2.6-6.5-11.1-33.3 2.6-67.9 20.9-6.5 69 27 69 27 20-5.6 41.5-8.5 62.8-8.5s42.8 2.9 62.8 8.5c0 0 48.1-33.6 69-27 13.7 34.7 5.2 61.4 2.6 67.9 16 17.7 25.8 31.5 25.8 58.9 0 96.5-58.9 104.2-114.8 110.5 9.2 7.9 17 22.9 17 46.4 0 33.7-.3 75.4-.3 83.6 0 6.5 4.6 14.4 17.3 12.1C428.2 457.8 496 362.9 496 252 496 113.3 383.5 8 244.8 8zM97.2 352.9c-1.3 1-1 3.3.7 5.2 1.6 1.6 3.9 2.3 5.2 1 1.3-1 1-3.3-.7-5.2-1.6-1.6-3.9-2.3-5.2-1zm-10.8-8.1c-.7 1.3.3 2.9 2.3 3.9 1.6 1 3.6.7 4.3-.7.7-1.3-.3-2.9-2.3-3.9-2-.6-3.6-.3-4.3.7zm32.4 35.6c-1.6 1.3-1 4.3 1.3 6.2 2.3 2.3 5.2 2.6 6.5 1 1.3-1.3.7-4.3-1.3-6.2-2.2-2.3-5.2-2.6-6.5-1zm-11.4-14.7c-1.6 1-1.6 3.6 0 5.9 1.6 2.3 4.3 3.3 5.6 2.3 1.6-1.3 1.6-3.9 0-6.2-1.4-2.3-4-3.3-5.6-2z\"><\/path><\/svg>\t\t\t<\/span>\n\t\t\t\t\t\t\t\t<\/span>\n\t\t\t\t\t<\/a>\n\t\t\t\t\t\t\t\t<\/div>\n\t\t\t\t<\/div>\n\t\t<div class=\"elementor-element elementor-element-836fae8 e-con-full e-flex e-con e-child\" data-id=\"836fae8\" data-element_type=\"container\" data-e-type=\"container\">\n\t\t\t\t<div class=\"elementor-element elementor-element-333007e elementor-widget elementor-widget-heading\" data-id=\"333007e\" data-element_type=\"widget\" data-e-type=\"widget\" data-widget_type=\"heading.default\">\n\t\t\t\t\t<h4 class=\"elementor-heading-title elementor-size-default\">Linkedin<\/h4>\t\t\t\t<\/div>\n\t\t\t\t<div class=\"elementor-element elementor-element-76efd10 elementor-align-center elementor-widget elementor-widget-button\" data-id=\"76efd10\" data-element_type=\"widget\" data-e-type=\"widget\" data-widget_type=\"button.default\">\n\t\t\t\t\t\t\t\t\t\t<a class=\"elementor-button elementor-button-link elementor-size-sm elementor-animation-pulse\" href=\"https:\/\/www.linkedin.com\/in\/samy-berghol-37285a309\/\">\n\t\t\t\t\t\t<span class=\"elementor-button-content-wrapper\">\n\t\t\t\t\t\t<span class=\"elementor-button-icon\">\n\t\t\t\t<svg aria-hidden=\"true\" class=\"e-font-icon-svg e-fab-linkedin\" viewbox=\"0 0 448 512\" xmlns=\"http:\/\/www.w3.org\/2000\/svg\"><path d=\"M416 32H31.9C14.3 32 0 46.5 0 64.3v383.4C0 465.5 14.3 480 31.9 480H416c17.6 0 32-14.5 32-32.3V64.3c0-17.8-14.4-32.3-32-32.3zM135.4 416H69V202.2h66.5V416zm-33.2-243c-21.3 0-38.5-17.3-38.5-38.5S80.9 96 102.2 96c21.2 0 38.5 17.3 38.5 38.5 0 21.3-17.2 38.5-38.5 38.5zm282.1 243h-66.4V312c0-24.8-.5-56.7-34.5-56.7-34.6 0-39.9 27-39.9 54.9V416h-66.4V202.2h63.7v29.2h.9c8.9-16.8 30.6-34.5 62.9-34.5 67.2 0 79.7 44.3 79.7 101.9V416z\"><\/path><\/svg>\t\t\t<\/span>\n\t\t\t\t\t\t\t\t<\/span>\n\t\t\t\t\t<\/a>\n\t\t\t\t\t\t\t\t<\/div>\n\t\t\t\t<\/div>\n\t\t\t\t\t<\/div>\n\t\t\t\t<\/div>\n\t\t\t\t<\/div>","protected":false},"excerpt":{"rendered":"<p>Curriculum Vitae T\u00e9l\u00e9charger mon CV \u00c9tudiant en troisi\u00e8me ann\u00e9e de BUT Informatique, je m&rsquo;int\u00e9resse particuli\u00e8rement au d\u00e9veloppement logiciel et aux [&hellip;]<\/p>\n","protected":false},"author":1,"featured_media":0,"parent":0,"menu_order":0,"comment_status":"closed","ping_status":"closed","template":"","meta":{"site-sidebar-layout":"no-sidebar","site-content-layout":"","ast-site-content-layout":"full-width-container","site-content-style":"default","site-sidebar-style":"default","ast-global-header-display":"","ast-banner-title-visibility":"","ast-main-header-display":"","ast-hfb-above-header-display":"","ast-hfb-below-header-display":"","ast-hfb-mobile-header-display":"","site-post-title":"disabled","ast-breadcrumbs-content":"","ast-featured-img":"disabled","footer-sml-layout":"","ast-disable-related-posts":"","theme-transparent-header-meta":"","adv-header-id-meta":"","stick-header-meta":"","header-above-stick-meta":"","header-main-stick-meta":"","header-below-stick-meta":"","astra-migrate-meta-layouts":"default","ast-page-background-enabled":"default","ast-page-background-meta":{"desktop":{"background-color":"var(--ast-global-color-5)","background-image":"","background-repeat":"repeat","background-position":"center center","background-size":"auto","background-attachment":"scroll","background-type":"","background-media":"","overlay-type":"","overlay-color":"","overlay-opacity":"","overlay-gradient":""},"tablet":{"background-color":"","background-image":"","background-repeat":"repeat","background-position":"center center","background-size":"auto","background-attachment":"scroll","background-type":"","background-media":"","overlay-type":"","overlay-color":"","overlay-opacity":"","overlay-gradient":""},"mobile":{"background-color":"","background-image":"","background-repeat":"repeat","background-position":"center center","background-size":"auto","background-attachment":"scroll","background-type":"","background-media":"","overlay-type":"","overlay-color":"","overlay-opacity":"","overlay-gradient":""}},"ast-content-background-meta":{"desktop":{"background-color":"var(--ast-global-color-4)","background-image":"","background-repeat":"repeat","background-position":"center center","background-size":"auto","background-attachment":"scroll","background-type":"","background-media":"","overlay-type":"","overlay-color":"","overlay-opacity":"","overlay-gradient":""},"tablet":{"background-color":"var(--ast-global-color-4)","background-image":"","background-repeat":"repeat","background-position":"center center","background-size":"auto","background-attachment":"scroll","background-type":"","background-media":"","overlay-type":"","overlay-color":"","overlay-opacity":"","overlay-gradient":""},"mobile":{"background-color":"var(--ast-global-color-4)","background-image":"","background-repeat":"repeat","background-position":"center center","background-size":"auto","background-attachment":"scroll","background-type":"","background-media":"","overlay-type":"","overlay-color":"","overlay-opacity":"","overlay-gradient":""}},"footnotes":""},"class_list":["post-26","page","type-page","status-publish","hentry"],"aioseo_notices":[],"_hostinger_reach_plugin_has_subscription_block":false,"_hostinger_reach_plugin_is_elementor":false,"_links":{"self":[{"href":"https:\/\/berghol-samy.com\/en\/wp-json\/wp\/v2\/pages\/26","targetHints":{"allow":["GET"]}}],"collection":[{"href":"https:\/\/berghol-samy.com\/en\/wp-json\/wp\/v2\/pages"}],"about":[{"href":"https:\/\/berghol-samy.com\/en\/wp-json\/wp\/v2\/types\/page"}],"author":[{"embeddable":true,"href":"https:\/\/berghol-samy.com\/en\/wp-json\/wp\/v2\/users\/1"}],"replies":[{"embeddable":true,"href":"https:\/\/berghol-samy.com\/en\/wp-json\/wp\/v2\/comments?post=26"}],"version-history":[{"count":20,"href":"https:\/\/berghol-samy.com\/en\/wp-json\/wp\/v2\/pages\/26\/revisions"}],"predecessor-version":[{"id":218,"href":"https:\/\/berghol-samy.com\/en\/wp-json\/wp\/v2\/pages\/26\/revisions\/218"}],"wp:attachment":[{"href":"https:\/\/berghol-samy.com\/en\/wp-json\/wp\/v2\/media?parent=26"}],"curies":[{"name":"wp","href":"https:\/\/api.w.org\/{rel}","templated":true}]}}